{"id":16371,"date":"2024-01-31T14:05:34","date_gmt":"2024-01-31T13:05:34","guid":{"rendered":"https:\/\/geabarcelona.com\/producto\/lampara-sal-bruto-20kg\/"},"modified":"2025-06-19T08:43:44","modified_gmt":"2025-06-19T06:43:44","slug":"lampara-sal-bruto-20kg","status":"publish","type":"product","link":"https:\/\/geabarcelona.com\/it\/prodotto\/lampara-sal-bruto-20kg\/","title":{"rendered":"L\u00c1MPARA SAL BRUTO 20kg"},"content":{"rendered":"<p>L\u00e1mpara natural de sal rosa del Himalaya, con un peso aproximado de 20 kg. Emite una luz c\u00e1lida y suave que crea un ambiente relajante y acogedor. Ideal para decorar y purificar espacios, aportando un toque natural y \u00fanico a cualquier habitaci\u00f3n.<\/p>","protected":false},"excerpt":{"rendered":"<p>L\u00e1mpara natural de sal rosa del Himalaya, con un peso aproximado de 20 kg. Emite una luz c\u00e1lida y suave que crea un ambiente relajante y acogedor. Ideal para decorar y purificar espacios, aportando un toque natural y \u00fanico a cualquier habitaci\u00f3n.<\/p>","protected":false},"featured_media":16370,"template":"","meta":[],"product_brand":[],"product_cat":[149],"product_tag":[185],"class_list":{"0":"post-16371","1":"product","2":"type-product","3":"status-publish","4":"has-post-thumbnail","6":"product_cat-decoracion-lamparas","7":"product_tag-lampara","9":"first","10":"instock","11":"taxable","12":"shipping-taxable","13":"purchasable","14":"product-type-simple"},"_links":{"self":[{"href":"https:\/\/geabarcelona.com\/it\/wp-json\/wp\/v2\/product\/16371","targetHints":{"allow":["GET"]}}],"collection":[{"href":"https:\/\/geabarcelona.com\/it\/wp-json\/wp\/v2\/product"}],"about":[{"href":"https:\/\/geabarcelona.com\/it\/wp-json\/wp\/v2\/types\/product"}],"version-history":[{"count":1,"href":"https:\/\/geabarcelona.com\/it\/wp-json\/wp\/v2\/product\/16371\/revisions"}],"predecessor-version":[{"id":18141,"href":"https:\/\/geabarcelona.com\/it\/wp-json\/wp\/v2\/product\/16371\/revisions\/18141"}],"wp:featuredmedia":[{"embeddable":true,"href":"https:\/\/geabarcelona.com\/it\/wp-json\/wp\/v2\/media\/16370"}],"wp:attachment":[{"href":"https:\/\/geabarcelona.com\/it\/wp-json\/wp\/v2\/media?parent=16371"}],"wp:term":[{"taxonomy":"product_brand","embeddable":true,"href":"https:\/\/geabarcelona.com\/it\/wp-json\/wp\/v2\/product_brand?post=16371"},{"taxonomy":"product_cat","embeddable":true,"href":"https:\/\/geabarcelona.com\/it\/wp-json\/wp\/v2\/product_cat?post=16371"},{"taxonomy":"product_tag","embeddable":true,"href":"https:\/\/geabarcelona.com\/it\/wp-json\/wp\/v2\/product_tag?post=16371"}],"curies":[{"name":"wp","href":"https:\/\/api.w.org\/{rel}","templated":true}]}}