{"id":16571,"date":"2024-03-05T12:17:38","date_gmt":"2024-03-05T11:17:38","guid":{"rendered":"https:\/\/geabarcelona.com\/producto\/esferas-cuarzo-rosa\/"},"modified":"2025-06-19T08:43:57","modified_gmt":"2025-06-19T06:43:57","slug":"esferas-cuarzo-rosa","status":"publish","type":"product","link":"https:\/\/geabarcelona.com\/it\/prodotto\/esferas-cuarzo-rosa\/","title":{"rendered":"Esferas cuarzo rosa"},"content":{"rendered":"<p>Esferas pulidas de cuarzo rosa, con su caracter\u00edstico tono rosado suave y acabado brillante. Conocidas por su asociaci\u00f3n con el amor y la armon\u00eda, son ideales para decoraci\u00f3n, colecci\u00f3n o pr\u00e1cticas energ\u00e9ticas enfocadas en la calma emocional.<br \/>\nVenta por unidad<\/p>","protected":false},"excerpt":{"rendered":"<p>Esferas pulidas de cuarzo rosa, con su caracter\u00edstico tono rosado suave y acabado brillante. Conocidas por su asociaci\u00f3n con el amor y la armon\u00eda, son ideales para decoraci\u00f3n, colecci\u00f3n o pr\u00e1cticas energ\u00e9ticas enfocadas en la calma emocional. Venta por unidad<\/p>","protected":false},"featured_media":13476,"template":"","meta":[],"product_brand":[],"product_cat":[148,147],"product_tag":[179],"class_list":{"0":"post-16571","1":"product","2":"type-product","3":"status-publish","4":"has-post-thumbnail","6":"product_cat-pulido-formas","7":"product_cat-terapias-hogar","8":"product_tag-cuarzo-rosa","10":"first","11":"instock","12":"taxable","13":"shipping-taxable","14":"purchasable","15":"product-type-simple"},"_links":{"self":[{"href":"https:\/\/geabarcelona.com\/it\/wp-json\/wp\/v2\/product\/16571","targetHints":{"allow":["GET"]}}],"collection":[{"href":"https:\/\/geabarcelona.com\/it\/wp-json\/wp\/v2\/product"}],"about":[{"href":"https:\/\/geabarcelona.com\/it\/wp-json\/wp\/v2\/types\/product"}],"version-history":[{"count":2,"href":"https:\/\/geabarcelona.com\/it\/wp-json\/wp\/v2\/product\/16571\/revisions"}],"predecessor-version":[{"id":18315,"href":"https:\/\/geabarcelona.com\/it\/wp-json\/wp\/v2\/product\/16571\/revisions\/18315"}],"wp:featuredmedia":[{"embeddable":true,"href":"https:\/\/geabarcelona.com\/it\/wp-json\/wp\/v2\/media\/13476"}],"wp:attachment":[{"href":"https:\/\/geabarcelona.com\/it\/wp-json\/wp\/v2\/media?parent=16571"}],"wp:term":[{"taxonomy":"product_brand","embeddable":true,"href":"https:\/\/geabarcelona.com\/it\/wp-json\/wp\/v2\/product_brand?post=16571"},{"taxonomy":"product_cat","embeddable":true,"href":"https:\/\/geabarcelona.com\/it\/wp-json\/wp\/v2\/product_cat?post=16571"},{"taxonomy":"product_tag","embeddable":true,"href":"https:\/\/geabarcelona.com\/it\/wp-json\/wp\/v2\/product_tag?post=16571"}],"curies":[{"name":"wp","href":"https:\/\/api.w.org\/{rel}","templated":true}]}}