{"id":16580,"date":"2024-03-05T12:24:56","date_gmt":"2024-03-05T11:24:56","guid":{"rendered":"https:\/\/geabarcelona.com\/producto\/esferas-amatista-por-unidad\/"},"modified":"2025-12-11T11:27:22","modified_gmt":"2025-12-11T10:27:22","slug":"esferas-amatista-por-unidad","status":"publish","type":"product","link":"https:\/\/geabarcelona.com\/it\/producto\/esferas-amatista-por-unidad\/","title":{"rendered":"Esferas Amatista (por unidad)"},"content":{"rendered":"<p>Esfera pulida de amatista con tonos violeta intensos y vetas naturales. Cada pieza es \u00fanica y combina est\u00e9tica con propiedades energ\u00e9ticas asociadas a la calma y la protecci\u00f3n. Ideal para decoraci\u00f3n, meditaci\u00f3n o colecci\u00f3n.<br \/>\nVenta por unidad<\/p>","protected":false},"excerpt":{"rendered":"<p>Esfera pulida de amatista con tonos violeta intensos y vetas naturales. Cada pieza es \u00fanica y combina est\u00e9tica con propiedades energ\u00e9ticas asociadas a la calma y la protecci\u00f3n. Ideal para decoraci\u00f3n, meditaci\u00f3n o colecci\u00f3n. Venta por unidad<\/p>","protected":false},"featured_media":18013,"template":"","meta":[],"product_brand":[],"product_cat":[153,149,148,147],"product_tag":[245],"class_list":{"0":"post-16580","1":"product","2":"type-product","3":"status-publish","4":"has-post-thumbnail","6":"product_cat-catalogo","7":"product_cat-decoracion-lamparas","8":"product_cat-pulido-formas","9":"product_cat-terapias-hogar","10":"product_tag-amatista","12":"first","13":"instock","14":"taxable","15":"shipping-taxable","16":"purchasable","17":"product-type-simple"},"_links":{"self":[{"href":"https:\/\/geabarcelona.com\/it\/wp-json\/wp\/v2\/product\/16580","targetHints":{"allow":["GET"]}}],"collection":[{"href":"https:\/\/geabarcelona.com\/it\/wp-json\/wp\/v2\/product"}],"about":[{"href":"https:\/\/geabarcelona.com\/it\/wp-json\/wp\/v2\/types\/product"}],"version-history":[{"count":2,"href":"https:\/\/geabarcelona.com\/it\/wp-json\/wp\/v2\/product\/16580\/revisions"}],"predecessor-version":[{"id":18309,"href":"https:\/\/geabarcelona.com\/it\/wp-json\/wp\/v2\/product\/16580\/revisions\/18309"}],"wp:featuredmedia":[{"embeddable":true,"href":"https:\/\/geabarcelona.com\/it\/wp-json\/wp\/v2\/media\/18013"}],"wp:attachment":[{"href":"https:\/\/geabarcelona.com\/it\/wp-json\/wp\/v2\/media?parent=16580"}],"wp:term":[{"taxonomy":"product_brand","embeddable":true,"href":"https:\/\/geabarcelona.com\/it\/wp-json\/wp\/v2\/product_brand?post=16580"},{"taxonomy":"product_cat","embeddable":true,"href":"https:\/\/geabarcelona.com\/it\/wp-json\/wp\/v2\/product_cat?post=16580"},{"taxonomy":"product_tag","embeddable":true,"href":"https:\/\/geabarcelona.com\/it\/wp-json\/wp\/v2\/product_tag?post=16580"}],"curies":[{"name":"wp","href":"https:\/\/api.w.org\/{rel}","templated":true}]}}