{"id":16604,"date":"2024-03-05T12:58:19","date_gmt":"2024-03-05T11:58:19","guid":{"rendered":"https:\/\/geabarcelona.com\/producto\/piramide-de-ojo-de-tigre\/"},"modified":"2025-06-19T08:44:00","modified_gmt":"2025-06-19T06:44:00","slug":"piramide-de-ojo-de-tigre","status":"publish","type":"product","link":"https:\/\/geabarcelona.com\/it\/prodotto\/piramide-de-ojo-de-tigre\/","title":{"rendered":"Piramide de ojo de tigre"},"content":{"rendered":"<p>Piramide tallada en ojo de tigre, con su caracter\u00edstico brillo sedoso y bandas en tonos dorado, marr\u00f3n y ocre. Apreciadas tanto por su belleza como por sus propiedades energ\u00e9ticas asociadas a la protecci\u00f3n, la fuerza y la claridad mental. Perfectas para decoraci\u00f3n, colecci\u00f3n o meditaci\u00f3n.<br \/>\nVenta por unidad<\/p>","protected":false},"excerpt":{"rendered":"<p>Piramide tallada en ojo de tigre, con su caracter\u00edstico brillo sedoso y bandas en tonos dorado, marr\u00f3n y ocre. Apreciadas tanto por su belleza como por sus propiedades energ\u00e9ticas asociadas a la protecci\u00f3n, la fuerza y la claridad mental. Perfectas para decoraci\u00f3n, colecci\u00f3n o meditaci\u00f3n. Venta por unidad<\/p>","protected":false},"featured_media":18027,"template":"","meta":[],"product_brand":[],"product_cat":[148,147],"product_tag":[211],"class_list":{"0":"post-16604","1":"product","2":"type-product","3":"status-publish","4":"has-post-thumbnail","6":"product_cat-pulido-formas","7":"product_cat-terapias-hogar","8":"product_tag-decoracion","10":"first","11":"instock","12":"taxable","13":"shipping-taxable","14":"purchasable","15":"product-type-simple"},"_links":{"self":[{"href":"https:\/\/geabarcelona.com\/it\/wp-json\/wp\/v2\/product\/16604","targetHints":{"allow":["GET"]}}],"collection":[{"href":"https:\/\/geabarcelona.com\/it\/wp-json\/wp\/v2\/product"}],"about":[{"href":"https:\/\/geabarcelona.com\/it\/wp-json\/wp\/v2\/types\/product"}],"version-history":[{"count":2,"href":"https:\/\/geabarcelona.com\/it\/wp-json\/wp\/v2\/product\/16604\/revisions"}],"predecessor-version":[{"id":18362,"href":"https:\/\/geabarcelona.com\/it\/wp-json\/wp\/v2\/product\/16604\/revisions\/18362"}],"wp:featuredmedia":[{"embeddable":true,"href":"https:\/\/geabarcelona.com\/it\/wp-json\/wp\/v2\/media\/18027"}],"wp:attachment":[{"href":"https:\/\/geabarcelona.com\/it\/wp-json\/wp\/v2\/media?parent=16604"}],"wp:term":[{"taxonomy":"product_brand","embeddable":true,"href":"https:\/\/geabarcelona.com\/it\/wp-json\/wp\/v2\/product_brand?post=16604"},{"taxonomy":"product_cat","embeddable":true,"href":"https:\/\/geabarcelona.com\/it\/wp-json\/wp\/v2\/product_cat?post=16604"},{"taxonomy":"product_tag","embeddable":true,"href":"https:\/\/geabarcelona.com\/it\/wp-json\/wp\/v2\/product_tag?post=16604"}],"curies":[{"name":"wp","href":"https:\/\/api.w.org\/{rel}","templated":true}]}}