{"id":16607,"date":"2024-03-05T13:05:26","date_gmt":"2024-03-05T12:05:26","guid":{"rendered":"https:\/\/geabarcelona.com\/producto\/piramide-de-fluorita\/"},"modified":"2025-06-19T08:44:00","modified_gmt":"2025-06-19T06:44:00","slug":"piramide-de-fluorita","status":"publish","type":"product","link":"https:\/\/geabarcelona.com\/it\/prodotto\/piramide-de-fluorita\/","title":{"rendered":"Piramide de fluorita"},"content":{"rendered":"<p>Piramide tallada en fluorita con bellas combinaciones de colores como verde, violeta y azul. Cada pieza presenta vetas y transparencias \u00fanicas. Valoradas por su belleza natural y su energ\u00eda asociada a la concentraci\u00f3n y el equilibrio mental. Perfectas para colecci\u00f3n, meditaci\u00f3n o decoraci\u00f3n.<br \/>\nVenta por unidad<\/p>","protected":false},"excerpt":{"rendered":"<p>Piramide tallada en fluorita con bellas combinaciones de colores como verde, violeta y azul. Cada pieza presenta vetas y transparencias \u00fanicas. Valoradas por su belleza natural y su energ\u00eda asociada a la concentraci\u00f3n y el equilibrio mental. Perfectas para colecci\u00f3n, meditaci\u00f3n o decoraci\u00f3n. Venta por unidad<\/p>","protected":false},"featured_media":18025,"template":"","meta":[],"product_brand":[],"product_cat":[148,147],"product_tag":[306],"class_list":{"0":"post-16607","1":"product","2":"type-product","3":"status-publish","4":"has-post-thumbnail","6":"product_cat-pulido-formas","7":"product_cat-terapias-hogar","8":"product_tag-fluorita","10":"first","11":"instock","12":"taxable","13":"shipping-taxable","14":"purchasable","15":"product-type-simple"},"_links":{"self":[{"href":"https:\/\/geabarcelona.com\/it\/wp-json\/wp\/v2\/product\/16607","targetHints":{"allow":["GET"]}}],"collection":[{"href":"https:\/\/geabarcelona.com\/it\/wp-json\/wp\/v2\/product"}],"about":[{"href":"https:\/\/geabarcelona.com\/it\/wp-json\/wp\/v2\/types\/product"}],"version-history":[{"count":2,"href":"https:\/\/geabarcelona.com\/it\/wp-json\/wp\/v2\/product\/16607\/revisions"}],"predecessor-version":[{"id":18358,"href":"https:\/\/geabarcelona.com\/it\/wp-json\/wp\/v2\/product\/16607\/revisions\/18358"}],"wp:featuredmedia":[{"embeddable":true,"href":"https:\/\/geabarcelona.com\/it\/wp-json\/wp\/v2\/media\/18025"}],"wp:attachment":[{"href":"https:\/\/geabarcelona.com\/it\/wp-json\/wp\/v2\/media?parent=16607"}],"wp:term":[{"taxonomy":"product_brand","embeddable":true,"href":"https:\/\/geabarcelona.com\/it\/wp-json\/wp\/v2\/product_brand?post=16607"},{"taxonomy":"product_cat","embeddable":true,"href":"https:\/\/geabarcelona.com\/it\/wp-json\/wp\/v2\/product_cat?post=16607"},{"taxonomy":"product_tag","embeddable":true,"href":"https:\/\/geabarcelona.com\/it\/wp-json\/wp\/v2\/product_tag?post=16607"}],"curies":[{"name":"wp","href":"https:\/\/api.w.org\/{rel}","templated":true}]}}