{"id":16728,"date":"2024-06-05T16:26:52","date_gmt":"2024-06-05T14:26:52","guid":{"rendered":"https:\/\/geabarcelona.com\/producto\/corazones-de-amatista-grandes\/"},"modified":"2025-11-21T11:20:24","modified_gmt":"2025-11-21T10:20:24","slug":"corazones-de-amatista-grandes","status":"publish","type":"product","link":"https:\/\/geabarcelona.com\/it\/prodotto\/corazones-de-amatista-grandes\/","title":{"rendered":"Corazones de amatista grandes"},"content":{"rendered":"<p>Corazones grandes de amatista natural,resalntan su intenso color violeta y energ\u00eda calmante, ideales para decoraci\u00f3n, meditaci\u00f3n o regalos con significado espiritual. Venta por kg\u00bb<\/p>","protected":false},"excerpt":{"rendered":"<p>Corazones grandes de amatista natural,resalntan su intenso color violeta y energ\u00eda calmante, ideales para decoraci\u00f3n, meditaci\u00f3n o regalos con significado espiritual. Venta por kg\u00bb<\/p>","protected":false},"featured_media":0,"template":"","meta":[],"product_brand":[],"product_cat":[139,148,140],"product_tag":[245],"class_list":{"0":"post-16728","1":"product","2":"type-product","3":"status-publish","5":"product_cat-brasil","6":"product_cat-pulido-formas","7":"product_cat-uruguay","8":"product_tag-amatista","10":"first","11":"outofstock","12":"taxable","13":"shipping-taxable","14":"purchasable","15":"product-type-simple"},"_links":{"self":[{"href":"https:\/\/geabarcelona.com\/it\/wp-json\/wp\/v2\/product\/16728","targetHints":{"allow":["GET"]}}],"collection":[{"href":"https:\/\/geabarcelona.com\/it\/wp-json\/wp\/v2\/product"}],"about":[{"href":"https:\/\/geabarcelona.com\/it\/wp-json\/wp\/v2\/types\/product"}],"version-history":[{"count":2,"href":"https:\/\/geabarcelona.com\/it\/wp-json\/wp\/v2\/product\/16728\/revisions"}],"predecessor-version":[{"id":19357,"href":"https:\/\/geabarcelona.com\/it\/wp-json\/wp\/v2\/product\/16728\/revisions\/19357"}],"wp:attachment":[{"href":"https:\/\/geabarcelona.com\/it\/wp-json\/wp\/v2\/media?parent=16728"}],"wp:term":[{"taxonomy":"product_brand","embeddable":true,"href":"https:\/\/geabarcelona.com\/it\/wp-json\/wp\/v2\/product_brand?post=16728"},{"taxonomy":"product_cat","embeddable":true,"href":"https:\/\/geabarcelona.com\/it\/wp-json\/wp\/v2\/product_cat?post=16728"},{"taxonomy":"product_tag","embeddable":true,"href":"https:\/\/geabarcelona.com\/it\/wp-json\/wp\/v2\/product_tag?post=16728"}],"curies":[{"name":"wp","href":"https:\/\/api.w.org\/{rel}","templated":true}]}}