{"id":16730,"date":"2024-06-05T16:28:43","date_gmt":"2024-06-05T14:28:43","guid":{"rendered":"https:\/\/geabarcelona.com\/producto\/chapas-agatas-pulidas-full-body\/"},"modified":"2025-11-21T11:20:18","modified_gmt":"2025-11-21T10:20:18","slug":"chapas-agatas-pulidas-full-body","status":"publish","type":"product","link":"https:\/\/geabarcelona.com\/it\/prodotto\/chapas-agatas-pulidas-full-body\/","title":{"rendered":"Chapas agatas pulidas full body"},"content":{"rendered":"<p>Chapa de agata montada sobre una base de metal resistente que realza su textura cruda y aut\u00e9ntica. Ideal para decoraci\u00f3n, protecci\u00f3n energ\u00e9tica y espacios con estilo r\u00fastico y moderno. Venta por kg\u00bb<\/p>","protected":false},"excerpt":{"rendered":"<p>Chapa de agata montada sobre una base de metal resistente que realza su textura cruda y aut\u00e9ntica. Ideal para decoraci\u00f3n, protecci\u00f3n energ\u00e9tica y espacios con estilo r\u00fastico y moderno. Venta por kg\u00bb<\/p>","protected":false},"featured_media":0,"template":"","meta":[],"product_brand":[],"product_cat":[139,148],"product_tag":[176],"class_list":{"0":"post-16730","1":"product","2":"type-product","3":"status-publish","5":"product_cat-brasil","6":"product_cat-pulido-formas","7":"product_tag-agata","9":"first","10":"outofstock","11":"taxable","12":"shipping-taxable","13":"purchasable","14":"product-type-simple"},"_links":{"self":[{"href":"https:\/\/geabarcelona.com\/it\/wp-json\/wp\/v2\/product\/16730","targetHints":{"allow":["GET"]}}],"collection":[{"href":"https:\/\/geabarcelona.com\/it\/wp-json\/wp\/v2\/product"}],"about":[{"href":"https:\/\/geabarcelona.com\/it\/wp-json\/wp\/v2\/types\/product"}],"version-history":[{"count":2,"href":"https:\/\/geabarcelona.com\/it\/wp-json\/wp\/v2\/product\/16730\/revisions"}],"predecessor-version":[{"id":19356,"href":"https:\/\/geabarcelona.com\/it\/wp-json\/wp\/v2\/product\/16730\/revisions\/19356"}],"wp:attachment":[{"href":"https:\/\/geabarcelona.com\/it\/wp-json\/wp\/v2\/media?parent=16730"}],"wp:term":[{"taxonomy":"product_brand","embeddable":true,"href":"https:\/\/geabarcelona.com\/it\/wp-json\/wp\/v2\/product_brand?post=16730"},{"taxonomy":"product_cat","embeddable":true,"href":"https:\/\/geabarcelona.com\/it\/wp-json\/wp\/v2\/product_cat?post=16730"},{"taxonomy":"product_tag","embeddable":true,"href":"https:\/\/geabarcelona.com\/it\/wp-json\/wp\/v2\/product_tag?post=16730"}],"curies":[{"name":"wp","href":"https:\/\/api.w.org\/{rel}","templated":true}]}}