{"id":17111,"date":"2025-02-05T12:42:55","date_gmt":"2025-02-05T11:42:55","guid":{"rendered":"https:\/\/geabarcelona.com\/?post_type=product&#038;p=17111"},"modified":"2025-12-10T17:38:42","modified_gmt":"2025-12-10T16:38:42","slug":"xilopalo-plancha-una-caraa-pulida-15cm","status":"publish","type":"product","link":"https:\/\/geabarcelona.com\/it\/producto\/xilopalo-plancha-una-caraa-pulida-15cm\/","title":{"rendered":"XILOPALO PLANCHA UNA CARAA PULIDA 15CM"},"content":{"rendered":"<p>Plancha de xil\u00f3palo de 15 cm con una cara pulida que resalta su textura natural y tonalidades c\u00e1lidas de madera petrificada. Ideal para decoraci\u00f3n, coleccionismo o uso energ\u00e9tico, aportando la conexi\u00f3n con la tierra y la energ\u00eda ancestral de la madera fosilizada.<br \/>\n \u00ab<\/p>","protected":false},"excerpt":{"rendered":"<p>Plancha de xil\u00f3palo de 15 cm con una cara pulida que resalta su textura natural y tonalidades c\u00e1lidas de madera petrificada. Ideal para decoraci\u00f3n, coleccionismo o uso energ\u00e9tico, aportando la conexi\u00f3n con la tierra y la energ\u00eda ancestral de la madera fosilizada. \u00ab<\/p>","protected":false},"featured_media":17112,"template":"","meta":[],"product_brand":[],"product_cat":[125],"product_tag":[343],"class_list":{"0":"post-17111","1":"product","2":"type-product","3":"status-publish","4":"has-post-thumbnail","6":"product_cat-fosiles","7":"product_tag-xilopalo","9":"first","10":"instock","11":"taxable","12":"shipping-taxable","13":"purchasable","14":"product-type-simple"},"_links":{"self":[{"href":"https:\/\/geabarcelona.com\/it\/wp-json\/wp\/v2\/product\/17111","targetHints":{"allow":["GET"]}}],"collection":[{"href":"https:\/\/geabarcelona.com\/it\/wp-json\/wp\/v2\/product"}],"about":[{"href":"https:\/\/geabarcelona.com\/it\/wp-json\/wp\/v2\/types\/product"}],"version-history":[{"count":2,"href":"https:\/\/geabarcelona.com\/it\/wp-json\/wp\/v2\/product\/17111\/revisions"}],"predecessor-version":[{"id":19374,"href":"https:\/\/geabarcelona.com\/it\/wp-json\/wp\/v2\/product\/17111\/revisions\/19374"}],"wp:featuredmedia":[{"embeddable":true,"href":"https:\/\/geabarcelona.com\/it\/wp-json\/wp\/v2\/media\/17112"}],"wp:attachment":[{"href":"https:\/\/geabarcelona.com\/it\/wp-json\/wp\/v2\/media?parent=17111"}],"wp:term":[{"taxonomy":"product_brand","embeddable":true,"href":"https:\/\/geabarcelona.com\/it\/wp-json\/wp\/v2\/product_brand?post=17111"},{"taxonomy":"product_cat","embeddable":true,"href":"https:\/\/geabarcelona.com\/it\/wp-json\/wp\/v2\/product_cat?post=17111"},{"taxonomy":"product_tag","embeddable":true,"href":"https:\/\/geabarcelona.com\/it\/wp-json\/wp\/v2\/product_tag?post=17111"}],"curies":[{"name":"wp","href":"https:\/\/api.w.org\/{rel}","templated":true}]}}