{"id":17124,"date":"2025-02-05T13:06:01","date_gmt":"2025-02-05T12:06:01","guid":{"rendered":"https:\/\/geabarcelona.com\/?post_type=product&#038;p=17124"},"modified":"2025-12-10T17:40:23","modified_gmt":"2025-12-10T16:40:23","slug":"labradorita-cabouchon","status":"publish","type":"product","link":"https:\/\/geabarcelona.com\/it\/prodotto\/labradorita-cabouchon\/","title":{"rendered":"LABRADORITA CABOUCHON"},"content":{"rendered":"<p>Labradorita cabochon pulida, con su caracter\u00edstico brillo iridiscente que refleja tonos azules y verdes, perfecta para joyer\u00eda o piezas decorativas con energ\u00eda protectora y m\u00edstica. 3CM UNIDAD\u00bb<\/p>","protected":false},"excerpt":{"rendered":"<p>Labradorita cabochon pulida, con su caracter\u00edstico brillo iridiscente que refleja tonos azules y verdes, perfecta para joyer\u00eda o piezas decorativas con energ\u00eda protectora y m\u00edstica. 3CM UNIDAD\u00bb<\/p>","protected":false},"featured_media":17125,"template":"","meta":[],"product_brand":[],"product_cat":[148],"product_tag":[184],"class_list":{"0":"post-17124","1":"product","2":"type-product","3":"status-publish","4":"has-post-thumbnail","6":"product_cat-pulido-formas","7":"product_tag-labradorita","9":"first","10":"instock","11":"taxable","12":"shipping-taxable","13":"purchasable","14":"product-type-simple"},"_links":{"self":[{"href":"https:\/\/geabarcelona.com\/it\/wp-json\/wp\/v2\/product\/17124","targetHints":{"allow":["GET"]}}],"collection":[{"href":"https:\/\/geabarcelona.com\/it\/wp-json\/wp\/v2\/product"}],"about":[{"href":"https:\/\/geabarcelona.com\/it\/wp-json\/wp\/v2\/types\/product"}],"version-history":[{"count":2,"href":"https:\/\/geabarcelona.com\/it\/wp-json\/wp\/v2\/product\/17124\/revisions"}],"predecessor-version":[{"id":19373,"href":"https:\/\/geabarcelona.com\/it\/wp-json\/wp\/v2\/product\/17124\/revisions\/19373"}],"wp:featuredmedia":[{"embeddable":true,"href":"https:\/\/geabarcelona.com\/it\/wp-json\/wp\/v2\/media\/17125"}],"wp:attachment":[{"href":"https:\/\/geabarcelona.com\/it\/wp-json\/wp\/v2\/media?parent=17124"}],"wp:term":[{"taxonomy":"product_brand","embeddable":true,"href":"https:\/\/geabarcelona.com\/it\/wp-json\/wp\/v2\/product_brand?post=17124"},{"taxonomy":"product_cat","embeddable":true,"href":"https:\/\/geabarcelona.com\/it\/wp-json\/wp\/v2\/product_cat?post=17124"},{"taxonomy":"product_tag","embeddable":true,"href":"https:\/\/geabarcelona.com\/it\/wp-json\/wp\/v2\/product_tag?post=17124"}],"curies":[{"name":"wp","href":"https:\/\/api.w.org\/{rel}","templated":true}]}}