{"id":17313,"date":"2025-02-17T15:32:58","date_gmt":"2025-02-17T14:32:58","guid":{"rendered":"https:\/\/geabarcelona.com\/?post_type=product&#038;p=17313"},"modified":"2025-12-11T13:11:57","modified_gmt":"2025-12-11T12:11:57","slug":"agata-chapa-3-7cm","status":"publish","type":"product","link":"https:\/\/geabarcelona.com\/it\/producto\/agata-chapa-3-7cm\/","title":{"rendered":"FOGLIO DI AGATA 3-7CM"},"content":{"rendered":"<p>Chapa de agata montada sobre una base de metal resistente que realza su textura cruda y aut\u00e9ntica. Ideal para decoraci\u00f3n, protecci\u00f3n energ\u00e9tica y espacios con estilo r\u00fastico y moderno. \u00ab<\/p>","protected":false},"excerpt":{"rendered":"<p>Chapa de agata montada sobre una base de metal resistente que realza su textura cruda y aut\u00e9ntica. Ideal para decoraci\u00f3n, protecci\u00f3n energ\u00e9tica y espacios con estilo r\u00fastico y moderno. \u00ab<\/p>","protected":false},"featured_media":17839,"template":"","meta":[],"product_brand":[],"product_cat":[139,148,147],"product_tag":[176],"class_list":{"0":"post-17313","1":"product","2":"type-product","3":"status-publish","4":"has-post-thumbnail","6":"product_cat-brasil","7":"product_cat-pulido-formas","8":"product_cat-terapias-hogar","9":"product_tag-agata","11":"first","12":"instock","13":"taxable","14":"shipping-taxable","15":"purchasable","16":"product-type-simple"},"_links":{"self":[{"href":"https:\/\/geabarcelona.com\/it\/wp-json\/wp\/v2\/product\/17313","targetHints":{"allow":["GET"]}}],"collection":[{"href":"https:\/\/geabarcelona.com\/it\/wp-json\/wp\/v2\/product"}],"about":[{"href":"https:\/\/geabarcelona.com\/it\/wp-json\/wp\/v2\/types\/product"}],"version-history":[{"count":2,"href":"https:\/\/geabarcelona.com\/it\/wp-json\/wp\/v2\/product\/17313\/revisions"}],"predecessor-version":[{"id":19403,"href":"https:\/\/geabarcelona.com\/it\/wp-json\/wp\/v2\/product\/17313\/revisions\/19403"}],"wp:featuredmedia":[{"embeddable":true,"href":"https:\/\/geabarcelona.com\/it\/wp-json\/wp\/v2\/media\/17839"}],"wp:attachment":[{"href":"https:\/\/geabarcelona.com\/it\/wp-json\/wp\/v2\/media?parent=17313"}],"wp:term":[{"taxonomy":"product_brand","embeddable":true,"href":"https:\/\/geabarcelona.com\/it\/wp-json\/wp\/v2\/product_brand?post=17313"},{"taxonomy":"product_cat","embeddable":true,"href":"https:\/\/geabarcelona.com\/it\/wp-json\/wp\/v2\/product_cat?post=17313"},{"taxonomy":"product_tag","embeddable":true,"href":"https:\/\/geabarcelona.com\/it\/wp-json\/wp\/v2\/product_tag?post=17313"}],"curies":[{"name":"wp","href":"https:\/\/api.w.org\/{rel}","templated":true}]}}