{"id":17316,"date":"2025-02-17T15:34:05","date_gmt":"2025-02-17T14:34:05","guid":{"rendered":"https:\/\/geabarcelona.com\/?post_type=product&#038;p=17316"},"modified":"2025-11-21T11:27:53","modified_gmt":"2025-11-21T10:27:53","slug":"agata-chapa-azul-lila-rosa-verde-2-3cm","status":"publish","type":"product","link":"https:\/\/geabarcelona.com\/it\/prodotto\/agata-chapa-azul-lila-rosa-verde-2-3cm\/","title":{"rendered":"IMPIALLACCIATURA DI AGATA BLU, LILLA, ROSA, VERDE 2-3 CM"},"content":{"rendered":"<p>Chapas de \u00e1gata en colores azul, lila, rosa y verde, con tama\u00f1os entre 2 y 3 cm, ideales para decoraci\u00f3n o uso energ\u00e9tico. \u00ab<\/p>","protected":false},"excerpt":{"rendered":"<p>Chapas de \u00e1gata en colores azul, lila, rosa y verde, con tama\u00f1os entre 2 y 3 cm, ideales para decoraci\u00f3n o uso energ\u00e9tico. \u00ab<\/p>","protected":false},"featured_media":17317,"template":"","meta":[],"product_brand":[],"product_cat":[139,148],"product_tag":[176],"class_list":{"0":"post-17316","1":"product","2":"type-product","3":"status-publish","4":"has-post-thumbnail","6":"product_cat-brasil","7":"product_cat-pulido-formas","8":"product_tag-agata","10":"first","11":"instock","12":"taxable","13":"shipping-taxable","14":"purchasable","15":"product-type-simple"},"_links":{"self":[{"href":"https:\/\/geabarcelona.com\/it\/wp-json\/wp\/v2\/product\/17316","targetHints":{"allow":["GET"]}}],"collection":[{"href":"https:\/\/geabarcelona.com\/it\/wp-json\/wp\/v2\/product"}],"about":[{"href":"https:\/\/geabarcelona.com\/it\/wp-json\/wp\/v2\/types\/product"}],"version-history":[{"count":2,"href":"https:\/\/geabarcelona.com\/it\/wp-json\/wp\/v2\/product\/17316\/revisions"}],"predecessor-version":[{"id":19379,"href":"https:\/\/geabarcelona.com\/it\/wp-json\/wp\/v2\/product\/17316\/revisions\/19379"}],"wp:featuredmedia":[{"embeddable":true,"href":"https:\/\/geabarcelona.com\/it\/wp-json\/wp\/v2\/media\/17317"}],"wp:attachment":[{"href":"https:\/\/geabarcelona.com\/it\/wp-json\/wp\/v2\/media?parent=17316"}],"wp:term":[{"taxonomy":"product_brand","embeddable":true,"href":"https:\/\/geabarcelona.com\/it\/wp-json\/wp\/v2\/product_brand?post=17316"},{"taxonomy":"product_cat","embeddable":true,"href":"https:\/\/geabarcelona.com\/it\/wp-json\/wp\/v2\/product_cat?post=17316"},{"taxonomy":"product_tag","embeddable":true,"href":"https:\/\/geabarcelona.com\/it\/wp-json\/wp\/v2\/product_tag?post=17316"}],"curies":[{"name":"wp","href":"https:\/\/api.w.org\/{rel}","templated":true}]}}