{"id":17319,"date":"2025-02-17T15:37:00","date_gmt":"2025-02-17T14:37:00","guid":{"rendered":"https:\/\/geabarcelona.com\/?post_type=product&#038;p=17319"},"modified":"2025-06-19T08:43:47","modified_gmt":"2025-06-19T06:43:47","slug":"agata-cut-base-pulida-mediana","status":"publish","type":"product","link":"https:\/\/geabarcelona.com\/it\/producto\/agata-cut-base-pulida-mediana\/","title":{"rendered":"AGATA TAGLIATA LUCIDA BASE MEDIA"},"content":{"rendered":"<p>Pieza de agata de tama\u00f1ano medio con una base cuidadosamente cortada y pulida. Su dise\u00f1o resalta las facetas naturales, mostrando colores y reflejos \u00fanicos del mineral.<\/p>\n<p>5+CM UNIDAD<\/p>\n<p>precio\/kg<\/p>","protected":false},"excerpt":{"rendered":"<p>Pieza de agata de tama\u00f1ano medio con una base cuidadosamente cortada y pulida. Su dise\u00f1o resalta las facetas naturales, mostrando colores y reflejos \u00fanicos del mineral. 5+CM UNIDAD precio\/kg<\/p>","protected":false},"featured_media":17320,"template":"","meta":[],"product_brand":[],"product_cat":[148,140],"product_tag":[176],"class_list":{"0":"post-17319","1":"product","2":"type-product","3":"status-publish","4":"has-post-thumbnail","6":"product_cat-pulido-formas","7":"product_cat-uruguay","8":"product_tag-agata","10":"first","11":"instock","12":"taxable","13":"shipping-taxable","14":"purchasable","15":"product-type-simple"},"_links":{"self":[{"href":"https:\/\/geabarcelona.com\/it\/wp-json\/wp\/v2\/product\/17319","targetHints":{"allow":["GET"]}}],"collection":[{"href":"https:\/\/geabarcelona.com\/it\/wp-json\/wp\/v2\/product"}],"about":[{"href":"https:\/\/geabarcelona.com\/it\/wp-json\/wp\/v2\/types\/product"}],"version-history":[{"count":3,"href":"https:\/\/geabarcelona.com\/it\/wp-json\/wp\/v2\/product\/17319\/revisions"}],"predecessor-version":[{"id":18176,"href":"https:\/\/geabarcelona.com\/it\/wp-json\/wp\/v2\/product\/17319\/revisions\/18176"}],"wp:featuredmedia":[{"embeddable":true,"href":"https:\/\/geabarcelona.com\/it\/wp-json\/wp\/v2\/media\/17320"}],"wp:attachment":[{"href":"https:\/\/geabarcelona.com\/it\/wp-json\/wp\/v2\/media?parent=17319"}],"wp:term":[{"taxonomy":"product_brand","embeddable":true,"href":"https:\/\/geabarcelona.com\/it\/wp-json\/wp\/v2\/product_brand?post=17319"},{"taxonomy":"product_cat","embeddable":true,"href":"https:\/\/geabarcelona.com\/it\/wp-json\/wp\/v2\/product_cat?post=17319"},{"taxonomy":"product_tag","embeddable":true,"href":"https:\/\/geabarcelona.com\/it\/wp-json\/wp\/v2\/product_tag?post=17319"}],"curies":[{"name":"wp","href":"https:\/\/api.w.org\/{rel}","templated":true}]}}