{"id":17339,"date":"2025-02-17T15:48:14","date_gmt":"2025-02-17T14:48:14","guid":{"rendered":"https:\/\/geabarcelona.com\/?post_type=product&#038;p=17339"},"modified":"2025-12-10T17:41:33","modified_gmt":"2025-12-10T16:41:33","slug":"ceolitas-base-metal","status":"publish","type":"product","link":"https:\/\/geabarcelona.com\/it\/producto\/ceolitas-base-metal\/","title":{"rendered":"ZEOLITI A BASE DI METALLI"},"content":{"rendered":"<p>Pieza natural de ceolitas en estado bruto, montada sobre una base de metal resistente que realza su textura cruda y aut\u00e9ntica. Ideal para decoraci\u00f3n, protecci\u00f3n energ\u00e9tica y espacios.<br \/>\nprecio\/kg<\/p>","protected":false},"excerpt":{"rendered":"<p>Pieza natural de ceolitas en estado bruto, montada sobre una base de metal resistente que realza su textura cruda y aut\u00e9ntica. Ideal para decoraci\u00f3n, protecci\u00f3n energ\u00e9tica y espacios. precio\/kg<\/p>","protected":false},"featured_media":17838,"template":"","meta":[],"product_brand":[],"product_cat":[139,149,147],"product_tag":[211],"class_list":{"0":"post-17339","1":"product","2":"type-product","3":"status-publish","4":"has-post-thumbnail","6":"product_cat-brasil","7":"product_cat-decoracion-lamparas","8":"product_cat-terapias-hogar","9":"product_tag-decoracion","11":"first","12":"instock","13":"taxable","14":"shipping-taxable","15":"purchasable","16":"product-type-simple"},"_links":{"self":[{"href":"https:\/\/geabarcelona.com\/it\/wp-json\/wp\/v2\/product\/17339","targetHints":{"allow":["GET"]}}],"collection":[{"href":"https:\/\/geabarcelona.com\/it\/wp-json\/wp\/v2\/product"}],"about":[{"href":"https:\/\/geabarcelona.com\/it\/wp-json\/wp\/v2\/types\/product"}],"version-history":[{"count":2,"href":"https:\/\/geabarcelona.com\/it\/wp-json\/wp\/v2\/product\/17339\/revisions"}],"predecessor-version":[{"id":18200,"href":"https:\/\/geabarcelona.com\/it\/wp-json\/wp\/v2\/product\/17339\/revisions\/18200"}],"wp:featuredmedia":[{"embeddable":true,"href":"https:\/\/geabarcelona.com\/it\/wp-json\/wp\/v2\/media\/17838"}],"wp:attachment":[{"href":"https:\/\/geabarcelona.com\/it\/wp-json\/wp\/v2\/media?parent=17339"}],"wp:term":[{"taxonomy":"product_brand","embeddable":true,"href":"https:\/\/geabarcelona.com\/it\/wp-json\/wp\/v2\/product_brand?post=17339"},{"taxonomy":"product_cat","embeddable":true,"href":"https:\/\/geabarcelona.com\/it\/wp-json\/wp\/v2\/product_cat?post=17339"},{"taxonomy":"product_tag","embeddable":true,"href":"https:\/\/geabarcelona.com\/it\/wp-json\/wp\/v2\/product_tag?post=17339"}],"curies":[{"name":"wp","href":"https:\/\/api.w.org\/{rel}","templated":true}]}}