{"id":17345,"date":"2025-02-17T15:52:14","date_gmt":"2025-02-17T14:52:14","guid":{"rendered":"https:\/\/geabarcelona.com\/?post_type=product&#038;p=17345"},"modified":"2025-11-21T11:27:38","modified_gmt":"2025-11-21T10:27:38","slug":"caja-amor-set-7-piezas","status":"publish","type":"product","link":"https:\/\/geabarcelona.com\/it\/prodotto\/caja-amor-set-7-piezas\/","title":{"rendered":"Cofanetto Love 7 pezzi"},"content":{"rendered":"<p>Selecci\u00f3n especial de 7 piezas de minerales y cristales asociados al amor y la armon\u00eda, cuidadosamente elegidos para promover energ\u00eda positiva, bienestar emocional y conexiones afectivas. Ideal para decoraci\u00f3n, regalos significativos o pr\u00e1cticas terap\u00e9uticas enfocadas en el coraz\u00f3n y la sanaci\u00f3n emocional. \u00ab<\/p>","protected":false},"excerpt":{"rendered":"<p>Selecci\u00f3n especial de 7 piezas de minerales y cristales asociados al amor y la armon\u00eda, cuidadosamente elegidos para promover energ\u00eda positiva, bienestar emocional y conexiones afectivas. Ideal para decoraci\u00f3n, regalos significativos o pr\u00e1cticas terap\u00e9uticas enfocadas en el coraz\u00f3n y la sanaci\u00f3n emocional. \u00ab<\/p>","protected":false},"featured_media":17346,"template":"","meta":[],"product_brand":[],"product_cat":[147],"product_tag":[327],"class_list":{"0":"post-17345","1":"product","2":"type-product","3":"status-publish","4":"has-post-thumbnail","6":"product_cat-terapias-hogar","7":"product_tag-minerales","9":"first","10":"instock","11":"taxable","12":"shipping-taxable","13":"purchasable","14":"product-type-simple"},"_links":{"self":[{"href":"https:\/\/geabarcelona.com\/it\/wp-json\/wp\/v2\/product\/17345","targetHints":{"allow":["GET"]}}],"collection":[{"href":"https:\/\/geabarcelona.com\/it\/wp-json\/wp\/v2\/product"}],"about":[{"href":"https:\/\/geabarcelona.com\/it\/wp-json\/wp\/v2\/types\/product"}],"version-history":[{"count":2,"href":"https:\/\/geabarcelona.com\/it\/wp-json\/wp\/v2\/product\/17345\/revisions"}],"predecessor-version":[{"id":19377,"href":"https:\/\/geabarcelona.com\/it\/wp-json\/wp\/v2\/product\/17345\/revisions\/19377"}],"wp:featuredmedia":[{"embeddable":true,"href":"https:\/\/geabarcelona.com\/it\/wp-json\/wp\/v2\/media\/17346"}],"wp:attachment":[{"href":"https:\/\/geabarcelona.com\/it\/wp-json\/wp\/v2\/media?parent=17345"}],"wp:term":[{"taxonomy":"product_brand","embeddable":true,"href":"https:\/\/geabarcelona.com\/it\/wp-json\/wp\/v2\/product_brand?post=17345"},{"taxonomy":"product_cat","embeddable":true,"href":"https:\/\/geabarcelona.com\/it\/wp-json\/wp\/v2\/product_cat?post=17345"},{"taxonomy":"product_tag","embeddable":true,"href":"https:\/\/geabarcelona.com\/it\/wp-json\/wp\/v2\/product_tag?post=17345"}],"curies":[{"name":"wp","href":"https:\/\/api.w.org\/{rel}","templated":true}]}}