{"id":17380,"date":"2025-02-17T16:09:56","date_gmt":"2025-02-17T15:09:56","guid":{"rendered":"https:\/\/geabarcelona.com\/?post_type=product&#038;p=17380"},"modified":"2025-11-21T11:28:58","modified_gmt":"2025-11-21T10:28:58","slug":"calcita-naranja-flame","status":"publish","type":"product","link":"https:\/\/geabarcelona.com\/it\/producto\/calcita-naranja-flame\/","title":{"rendered":"CALCITE ARANCIONE A FIAMMA"},"content":{"rendered":"<p>Calicta naranja pulida en forma de llama. Esta forma simboliza transformaci\u00f3n y energ\u00eda en movimiento, lo que la convierte en una excelente opci\u00f3n decorativa o energ\u00e9tica para espacios que buscan protecci\u00f3n y renovaci\u00f3n.<br \/>\nPERCIO\/KG<\/p>","protected":false},"excerpt":{"rendered":"<p>Calicta naranja pulida en forma de llama. Esta forma simboliza transformaci\u00f3n y energ\u00eda en movimiento, lo que la convierte en una excelente opci\u00f3n decorativa o energ\u00e9tica para espacios que buscan protecci\u00f3n y renovaci\u00f3n. PERCIO\/KG<\/p>","protected":false},"featured_media":17829,"template":"","meta":[],"product_brand":[],"product_cat":[139,148,147],"product_tag":[325],"class_list":{"0":"post-17380","1":"product","2":"type-product","3":"status-publish","4":"has-post-thumbnail","6":"product_cat-brasil","7":"product_cat-pulido-formas","8":"product_cat-terapias-hogar","9":"product_tag-calcita","11":"first","12":"instock","13":"taxable","14":"shipping-taxable","15":"purchasable","16":"product-type-simple"},"_links":{"self":[{"href":"https:\/\/geabarcelona.com\/it\/wp-json\/wp\/v2\/product\/17380","targetHints":{"allow":["GET"]}}],"collection":[{"href":"https:\/\/geabarcelona.com\/it\/wp-json\/wp\/v2\/product"}],"about":[{"href":"https:\/\/geabarcelona.com\/it\/wp-json\/wp\/v2\/types\/product"}],"version-history":[{"count":2,"href":"https:\/\/geabarcelona.com\/it\/wp-json\/wp\/v2\/product\/17380\/revisions"}],"predecessor-version":[{"id":18193,"href":"https:\/\/geabarcelona.com\/it\/wp-json\/wp\/v2\/product\/17380\/revisions\/18193"}],"wp:featuredmedia":[{"embeddable":true,"href":"https:\/\/geabarcelona.com\/it\/wp-json\/wp\/v2\/media\/17829"}],"wp:attachment":[{"href":"https:\/\/geabarcelona.com\/it\/wp-json\/wp\/v2\/media?parent=17380"}],"wp:term":[{"taxonomy":"product_brand","embeddable":true,"href":"https:\/\/geabarcelona.com\/it\/wp-json\/wp\/v2\/product_brand?post=17380"},{"taxonomy":"product_cat","embeddable":true,"href":"https:\/\/geabarcelona.com\/it\/wp-json\/wp\/v2\/product_cat?post=17380"},{"taxonomy":"product_tag","embeddable":true,"href":"https:\/\/geabarcelona.com\/it\/wp-json\/wp\/v2\/product_tag?post=17380"}],"curies":[{"name":"wp","href":"https:\/\/api.w.org\/{rel}","templated":true}]}}