{"id":17392,"date":"2025-02-17T16:13:57","date_gmt":"2025-02-17T15:13:57","guid":{"rendered":"https:\/\/geabarcelona.com\/?post_type=product&#038;p=17392"},"modified":"2025-06-19T08:43:46","modified_gmt":"2025-06-19T06:43:46","slug":"turmalina-flame","status":"publish","type":"product","link":"https:\/\/geabarcelona.com\/it\/producto\/turmalina-flame\/","title":{"rendered":"FIAMMA DI TORMALINA"},"content":{"rendered":"<p>Pieza de turmalina negra tallada en forma de llama, con superficie pulida que resalta su intensidad y textura natural. Esta forma simboliza transformaci\u00f3n y energ\u00eda en movimiento, lo que la convierte en una excelente opci\u00f3n decorativa o energ\u00e9tica para espacios que buscan protecci\u00f3n y renovaci\u00f3n.<\/p>\n<p>FLAME10BT<\/p>\n<p>PRECIO\/KG<\/p>","protected":false},"excerpt":{"rendered":"<p>Pieza de turmalina negra tallada en forma de llama, con superficie pulida que resalta su intensidad y textura natural. Esta forma simboliza transformaci\u00f3n y energ\u00eda en movimiento, lo que la convierte en una excelente opci\u00f3n decorativa o energ\u00e9tica para espacios que buscan protecci\u00f3n y renovaci\u00f3n. FLAME10BT PRECIO\/KG<\/p>","protected":false},"featured_media":17830,"template":"","meta":[],"product_brand":[],"product_cat":[139,148,147],"product_tag":[232],"class_list":{"0":"post-17392","1":"product","2":"type-product","3":"status-publish","4":"has-post-thumbnail","6":"product_cat-brasil","7":"product_cat-pulido-formas","8":"product_cat-terapias-hogar","9":"product_tag-turmalina","11":"first","12":"instock","13":"taxable","14":"shipping-taxable","15":"purchasable","16":"product-type-simple"},"_links":{"self":[{"href":"https:\/\/geabarcelona.com\/it\/wp-json\/wp\/v2\/product\/17392","targetHints":{"allow":["GET"]}}],"collection":[{"href":"https:\/\/geabarcelona.com\/it\/wp-json\/wp\/v2\/product"}],"about":[{"href":"https:\/\/geabarcelona.com\/it\/wp-json\/wp\/v2\/types\/product"}],"version-history":[{"count":2,"href":"https:\/\/geabarcelona.com\/it\/wp-json\/wp\/v2\/product\/17392\/revisions"}],"predecessor-version":[{"id":18163,"href":"https:\/\/geabarcelona.com\/it\/wp-json\/wp\/v2\/product\/17392\/revisions\/18163"}],"wp:featuredmedia":[{"embeddable":true,"href":"https:\/\/geabarcelona.com\/it\/wp-json\/wp\/v2\/media\/17830"}],"wp:attachment":[{"href":"https:\/\/geabarcelona.com\/it\/wp-json\/wp\/v2\/media?parent=17392"}],"wp:term":[{"taxonomy":"product_brand","embeddable":true,"href":"https:\/\/geabarcelona.com\/it\/wp-json\/wp\/v2\/product_brand?post=17392"},{"taxonomy":"product_cat","embeddable":true,"href":"https:\/\/geabarcelona.com\/it\/wp-json\/wp\/v2\/product_cat?post=17392"},{"taxonomy":"product_tag","embeddable":true,"href":"https:\/\/geabarcelona.com\/it\/wp-json\/wp\/v2\/product_tag?post=17392"}],"curies":[{"name":"wp","href":"https:\/\/api.w.org\/{rel}","templated":true}]}}