{"id":17401,"date":"2025-02-17T16:18:11","date_gmt":"2025-02-17T15:18:11","guid":{"rendered":"https:\/\/geabarcelona.com\/?post_type=product&#038;p=17401"},"modified":"2025-12-11T11:31:39","modified_gmt":"2025-12-11T10:31:39","slug":"flat-cuarzo-ahumado-150-250gr","status":"publish","type":"product","link":"https:\/\/geabarcelona.com\/it\/prodotto\/flat-cuarzo-ahumado-150-250gr\/","title":{"rendered":"QUARZO FUM\u00c9 PIATTO 150-250GR"},"content":{"rendered":"<p>Selecci\u00f3n de piezas de cuarzo ahumado natural. Presentan tonos que van del gris transl\u00facido al marr\u00f3n oscuro, con superficies cristalinas que muestran su estructura natural. Ideales para decoraci\u00f3n, colecci\u00f3n o uso energ\u00e9tico enfocado en protecci\u00f3n y equilibrio.<br \/>\nPRECIO\/UNIDAD<\/p>","protected":false},"excerpt":{"rendered":"<p>Selecci\u00f3n de piezas de cuarzo ahumado natural. Presentan tonos que van del gris transl\u00facido al marr\u00f3n oscuro, con superficies cristalinas que muestran su estructura natural. Ideales para decoraci\u00f3n, colecci\u00f3n o uso energ\u00e9tico enfocado en protecci\u00f3n y equilibrio. PRECIO\/UNIDAD<\/p>","protected":false},"featured_media":17834,"template":"","meta":[],"product_brand":[],"product_cat":[139,153,149,151,147],"product_tag":[311],"class_list":{"0":"post-17401","1":"product","2":"type-product","3":"status-publish","4":"has-post-thumbnail","6":"product_cat-brasil","7":"product_cat-catalogo","8":"product_cat-decoracion-lamparas","9":"product_cat-packs-cajas","10":"product_cat-terapias-hogar","11":"product_tag-cuarzo-ahumado","13":"first","14":"instock","15":"taxable","16":"shipping-taxable","17":"purchasable","18":"product-type-simple"},"_links":{"self":[{"href":"https:\/\/geabarcelona.com\/it\/wp-json\/wp\/v2\/product\/17401","targetHints":{"allow":["GET"]}}],"collection":[{"href":"https:\/\/geabarcelona.com\/it\/wp-json\/wp\/v2\/product"}],"about":[{"href":"https:\/\/geabarcelona.com\/it\/wp-json\/wp\/v2\/types\/product"}],"version-history":[{"count":2,"href":"https:\/\/geabarcelona.com\/it\/wp-json\/wp\/v2\/product\/17401\/revisions"}],"predecessor-version":[{"id":18205,"href":"https:\/\/geabarcelona.com\/it\/wp-json\/wp\/v2\/product\/17401\/revisions\/18205"}],"wp:featuredmedia":[{"embeddable":true,"href":"https:\/\/geabarcelona.com\/it\/wp-json\/wp\/v2\/media\/17834"}],"wp:attachment":[{"href":"https:\/\/geabarcelona.com\/it\/wp-json\/wp\/v2\/media?parent=17401"}],"wp:term":[{"taxonomy":"product_brand","embeddable":true,"href":"https:\/\/geabarcelona.com\/it\/wp-json\/wp\/v2\/product_brand?post=17401"},{"taxonomy":"product_cat","embeddable":true,"href":"https:\/\/geabarcelona.com\/it\/wp-json\/wp\/v2\/product_cat?post=17401"},{"taxonomy":"product_tag","embeddable":true,"href":"https:\/\/geabarcelona.com\/it\/wp-json\/wp\/v2\/product_tag?post=17401"}],"curies":[{"name":"wp","href":"https:\/\/api.w.org\/{rel}","templated":true}]}}