{"id":17411,"date":"2025-02-17T16:21:52","date_gmt":"2025-02-17T15:21:52","guid":{"rendered":"https:\/\/geabarcelona.com\/?post_type=product&#038;p=17411"},"modified":"2025-11-21T11:28:34","modified_gmt":"2025-11-21T10:28:34","slug":"flat-geoda-agata","status":"publish","type":"product","link":"https:\/\/geabarcelona.com\/it\/prodotto\/flat-geoda-agata\/","title":{"rendered":"FLAT GEODA AGATA"},"content":{"rendered":"<p>Selecci\u00f3n de geodas de \u00e1gata natural que muestran sus capas internas y cristales en tonos tierra y neutros. Cada geoda exhibe patrones \u00fanicos y texturas cristalinas, ideales para decoraci\u00f3n, colecci\u00f3n o uso energ\u00e9tico enfocado en la estabilidad, protecci\u00f3n y armon\u00eda del espacio. \u00ab<\/p>","protected":false},"excerpt":{"rendered":"<p>Selecci\u00f3n de geodas de \u00e1gata natural que muestran sus capas internas y cristales en tonos tierra y neutros. Cada geoda exhibe patrones \u00fanicos y texturas cristalinas, ideales para decoraci\u00f3n, colecci\u00f3n o uso energ\u00e9tico enfocado en la estabilidad, protecci\u00f3n y armon\u00eda del espacio. \u00ab<\/p>","protected":false},"featured_media":17412,"template":"","meta":[],"product_brand":[],"product_cat":[139],"product_tag":[176],"class_list":{"0":"post-17411","1":"product","2":"type-product","3":"status-publish","4":"has-post-thumbnail","6":"product_cat-brasil","7":"product_tag-agata","9":"first","10":"instock","11":"taxable","12":"shipping-taxable","13":"purchasable","14":"product-type-simple"},"_links":{"self":[{"href":"https:\/\/geabarcelona.com\/it\/wp-json\/wp\/v2\/product\/17411","targetHints":{"allow":["GET"]}}],"collection":[{"href":"https:\/\/geabarcelona.com\/it\/wp-json\/wp\/v2\/product"}],"about":[{"href":"https:\/\/geabarcelona.com\/it\/wp-json\/wp\/v2\/types\/product"}],"version-history":[{"count":2,"href":"https:\/\/geabarcelona.com\/it\/wp-json\/wp\/v2\/product\/17411\/revisions"}],"predecessor-version":[{"id":19382,"href":"https:\/\/geabarcelona.com\/it\/wp-json\/wp\/v2\/product\/17411\/revisions\/19382"}],"wp:featuredmedia":[{"embeddable":true,"href":"https:\/\/geabarcelona.com\/it\/wp-json\/wp\/v2\/media\/17412"}],"wp:attachment":[{"href":"https:\/\/geabarcelona.com\/it\/wp-json\/wp\/v2\/media?parent=17411"}],"wp:term":[{"taxonomy":"product_brand","embeddable":true,"href":"https:\/\/geabarcelona.com\/it\/wp-json\/wp\/v2\/product_brand?post=17411"},{"taxonomy":"product_cat","embeddable":true,"href":"https:\/\/geabarcelona.com\/it\/wp-json\/wp\/v2\/product_cat?post=17411"},{"taxonomy":"product_tag","embeddable":true,"href":"https:\/\/geabarcelona.com\/it\/wp-json\/wp\/v2\/product_tag?post=17411"}],"curies":[{"name":"wp","href":"https:\/\/api.w.org\/{rel}","templated":true}]}}