{"id":17429,"date":"2025-02-17T16:30:32","date_gmt":"2025-02-17T15:30:32","guid":{"rendered":"https:\/\/geabarcelona.com\/?post_type=product&#038;p=17429"},"modified":"2025-06-19T08:43:49","modified_gmt":"2025-06-19T06:43:49","slug":"calcita-naranja-bruto-con-base-metal","status":"publish","type":"product","link":"https:\/\/geabarcelona.com\/it\/producto\/calcita-naranja-bruto-con-base-metal\/","title":{"rendered":"CALCITA NARANJA BRUTO CON BASE METAL"},"content":{"rendered":"<p>Pieza natural de calcita naranja en estado bruto, montada sobre una base de metal resistente que realza su textura cruda y aut\u00e9ntica. Ideal para decoraci\u00f3n, protecci\u00f3n energ\u00e9tica y espacios con estilo r\u00fastico y moderno.<br \/>\nPRECIO\/UNIDAD<\/p>","protected":false},"excerpt":{"rendered":"<p>Pieza natural de calcita naranja en estado bruto, montada sobre una base de metal resistente que realza su textura cruda y aut\u00e9ntica. Ideal para decoraci\u00f3n, protecci\u00f3n energ\u00e9tica y espacios con estilo r\u00fastico y moderno. PRECIO\/UNIDAD<\/p>","protected":false},"featured_media":17430,"template":"","meta":[],"product_brand":[],"product_cat":[139],"product_tag":[211],"class_list":{"0":"post-17429","1":"product","2":"type-product","3":"status-publish","4":"has-post-thumbnail","6":"product_cat-brasil","7":"product_tag-decoracion","9":"first","10":"instock","11":"taxable","12":"shipping-taxable","13":"purchasable","14":"product-type-simple"},"_links":{"self":[{"href":"https:\/\/geabarcelona.com\/it\/wp-json\/wp\/v2\/product\/17429","targetHints":{"allow":["GET"]}}],"collection":[{"href":"https:\/\/geabarcelona.com\/it\/wp-json\/wp\/v2\/product"}],"about":[{"href":"https:\/\/geabarcelona.com\/it\/wp-json\/wp\/v2\/types\/product"}],"version-history":[{"count":2,"href":"https:\/\/geabarcelona.com\/it\/wp-json\/wp\/v2\/product\/17429\/revisions"}],"predecessor-version":[{"id":18204,"href":"https:\/\/geabarcelona.com\/it\/wp-json\/wp\/v2\/product\/17429\/revisions\/18204"}],"wp:featuredmedia":[{"embeddable":true,"href":"https:\/\/geabarcelona.com\/it\/wp-json\/wp\/v2\/media\/17430"}],"wp:attachment":[{"href":"https:\/\/geabarcelona.com\/it\/wp-json\/wp\/v2\/media?parent=17429"}],"wp:term":[{"taxonomy":"product_brand","embeddable":true,"href":"https:\/\/geabarcelona.com\/it\/wp-json\/wp\/v2\/product_brand?post=17429"},{"taxonomy":"product_cat","embeddable":true,"href":"https:\/\/geabarcelona.com\/it\/wp-json\/wp\/v2\/product_cat?post=17429"},{"taxonomy":"product_tag","embeddable":true,"href":"https:\/\/geabarcelona.com\/it\/wp-json\/wp\/v2\/product_tag?post=17429"}],"curies":[{"name":"wp","href":"https:\/\/api.w.org\/{rel}","templated":true}]}}