{"id":17482,"date":"2025-02-17T16:49:07","date_gmt":"2025-02-17T15:49:07","guid":{"rendered":"https:\/\/geabarcelona.com\/?post_type=product&#038;p=17482"},"modified":"2025-12-11T13:16:42","modified_gmt":"2025-12-11T12:16:42","slug":"geode-di-quarzo-unita-xxl","status":"publish","type":"product","link":"https:\/\/geabarcelona.com\/it\/prodotto\/geode-di-quarzo-unita-xxl\/","title":{"rendered":"GEODE DI QUARZO XXL (UNIT\u00c0)"},"content":{"rendered":"<p>Geode di quarzo naturale con cavit\u00e0 interne piene di cristalli luminosi e traslucidi. Pezzo unico, ideale per la decorazione, il collezionismo o per terapie energetiche e per armonizzare gli spazi.  DA CONSULTARE CON IL RAPPRESENTANTE DI VENDITA.<br \/>\nIl quarzo cristallino, noto anche come cristallo di rocca, \u00e8 una delle variet\u00e0 pi\u00f9 pure di quarzo. Questo minerale, composto principalmente da biossido di silicio, si distingue per la sua notevole trasparenza e lucentezza vitrea. Pu\u00f2 presentarsi in forma cristallina, con cristalli prismatici visibili, o in forma criptocristallina, con cristalli microscopici. Si forma principalmente in ambienti geologici come pegmatiti e depositi vulcanici e si trova in varie regioni del mondo, tra cui Brasile, Madagascar e Stati Uniti sono i principali produttori.<br \/>\nNel regno spirituale, il quarzo cristallino \u00e8 riconosciuto come un potente amplificatore di energia, con la capacit\u00e0 di pulire ed equilibrare i campi energetici. Si ritiene che aiuti la meditazione, migliori la concentrazione e favorisca l'armonizzazione dei chakra. Tuttavia, a causa della sua natura attivante, se ne sconsiglia l'uso prima di andare a dormire. \"<\/p>","protected":false},"excerpt":{"rendered":"<p>Geoda natural de cuarzo con cavidades internas repletas de cristales brillantes y transl\u00facidos. Pieza unica, ideales para decoraci\u00f3n, coleccionismo o para terapias energ\u00e9ticas y armonizar espacios. A CONSULTAR CON EL COMERCIAL. El cuarzo cristal, tambi\u00e9n conocido como cristal de roca, es una de las variedades m\u00e1s puras de cuarzo. Este mineral, compuesto principalmente por di\u00f3xido [&hellip;]<\/p>","protected":false},"featured_media":17480,"template":"","meta":[],"product_brand":[],"product_cat":[136],"product_tag":[330],"class_list":{"0":"post-17482","1":"product","2":"type-product","3":"status-publish","4":"has-post-thumbnail","6":"product_cat-piedras-gemas","7":"product_tag-cuarzo","9":"first","10":"instock","11":"taxable","12":"shipping-taxable","13":"purchasable","14":"product-type-simple"},"_links":{"self":[{"href":"https:\/\/geabarcelona.com\/it\/wp-json\/wp\/v2\/product\/17482","targetHints":{"allow":["GET"]}}],"collection":[{"href":"https:\/\/geabarcelona.com\/it\/wp-json\/wp\/v2\/product"}],"about":[{"href":"https:\/\/geabarcelona.com\/it\/wp-json\/wp\/v2\/types\/product"}],"version-history":[{"count":3,"href":"https:\/\/geabarcelona.com\/it\/wp-json\/wp\/v2\/product\/17482\/revisions"}],"predecessor-version":[{"id":19396,"href":"https:\/\/geabarcelona.com\/it\/wp-json\/wp\/v2\/product\/17482\/revisions\/19396"}],"wp:featuredmedia":[{"embeddable":true,"href":"https:\/\/geabarcelona.com\/it\/wp-json\/wp\/v2\/media\/17480"}],"wp:attachment":[{"href":"https:\/\/geabarcelona.com\/it\/wp-json\/wp\/v2\/media?parent=17482"}],"wp:term":[{"taxonomy":"product_brand","embeddable":true,"href":"https:\/\/geabarcelona.com\/it\/wp-json\/wp\/v2\/product_brand?post=17482"},{"taxonomy":"product_cat","embeddable":true,"href":"https:\/\/geabarcelona.com\/it\/wp-json\/wp\/v2\/product_cat?post=17482"},{"taxonomy":"product_tag","embeddable":true,"href":"https:\/\/geabarcelona.com\/it\/wp-json\/wp\/v2\/product_tag?post=17482"}],"curies":[{"name":"wp","href":"https:\/\/api.w.org\/{rel}","templated":true}]}}