{"id":18580,"date":"2025-07-17T13:36:28","date_gmt":"2025-07-17T11:36:28","guid":{"rendered":"https:\/\/geabarcelona.com\/?post_type=product&#038;p=18580"},"modified":"2025-07-17T13:36:28","modified_gmt":"2025-07-17T11:36:28","slug":"esferas-de-amatista","status":"publish","type":"product","link":"https:\/\/geabarcelona.com\/it\/producto\/esferas-de-amatista\/","title":{"rendered":"ESFERAS DE AMATISTA"},"content":{"rendered":"<table style=\"height: 60px\" width=\"985\">\n<tbody>\n<tr>\n<td style=\"font-weight: 400\" width=\"565\">Esfera pulida de amatista con tonos violeta intensos y vetas naturales. Cada pieza es \u00fanica y combina est\u00e9tica con propiedades energ\u00e9ticas asociadas a la calma y la protecci\u00f3n. Ideal para decoraci\u00f3n, meditaci\u00f3n o colecci\u00f3n.<\/td>\n<\/tr>\n<\/tbody>\n<\/table>","protected":false},"excerpt":{"rendered":"<p>Esfera pulida de amatista. Ventas por Kg.<\/p>","protected":false},"featured_media":18581,"template":"","meta":[],"product_brand":[],"product_cat":[317,148,147],"product_tag":[245,165,169],"class_list":{"0":"post-18580","1":"product","2":"type-product","3":"status-publish","4":"has-post-thumbnail","6":"product_cat-amatista","7":"product_cat-pulido-formas","8":"product_cat-terapias-hogar","9":"product_tag-amatista","10":"product_tag-mineral","11":"product_tag-venta-mayorista-de-minerales","13":"first","14":"instock","15":"taxable","16":"shipping-taxable","17":"purchasable","18":"product-type-simple"},"_links":{"self":[{"href":"https:\/\/geabarcelona.com\/it\/wp-json\/wp\/v2\/product\/18580","targetHints":{"allow":["GET"]}}],"collection":[{"href":"https:\/\/geabarcelona.com\/it\/wp-json\/wp\/v2\/product"}],"about":[{"href":"https:\/\/geabarcelona.com\/it\/wp-json\/wp\/v2\/types\/product"}],"version-history":[{"count":1,"href":"https:\/\/geabarcelona.com\/it\/wp-json\/wp\/v2\/product\/18580\/revisions"}],"predecessor-version":[{"id":18582,"href":"https:\/\/geabarcelona.com\/it\/wp-json\/wp\/v2\/product\/18580\/revisions\/18582"}],"wp:featuredmedia":[{"embeddable":true,"href":"https:\/\/geabarcelona.com\/it\/wp-json\/wp\/v2\/media\/18581"}],"wp:attachment":[{"href":"https:\/\/geabarcelona.com\/it\/wp-json\/wp\/v2\/media?parent=18580"}],"wp:term":[{"taxonomy":"product_brand","embeddable":true,"href":"https:\/\/geabarcelona.com\/it\/wp-json\/wp\/v2\/product_brand?post=18580"},{"taxonomy":"product_cat","embeddable":true,"href":"https:\/\/geabarcelona.com\/it\/wp-json\/wp\/v2\/product_cat?post=18580"},{"taxonomy":"product_tag","embeddable":true,"href":"https:\/\/geabarcelona.com\/it\/wp-json\/wp\/v2\/product_tag?post=18580"}],"curies":[{"name":"wp","href":"https:\/\/api.w.org\/{rel}","templated":true}]}}