{"id":18617,"date":"2025-07-17T14:58:56","date_gmt":"2025-07-17T12:58:56","guid":{"rendered":"https:\/\/geabarcelona.com\/?post_type=product&#038;p=18617"},"modified":"2025-07-17T14:58:56","modified_gmt":"2025-07-17T12:58:56","slug":"calavera-varios-minerales","status":"publish","type":"product","link":"https:\/\/geabarcelona.com\/it\/producto\/calavera-varios-minerales\/","title":{"rendered":"CALAVERA VARIOS MINERALES"},"content":{"rendered":"<table style=\"height: 54px\" width=\"1087\">\n<tbody>\n<tr>\n<td style=\"font-weight: 400\" width=\"565\">Minerales tallados en forma de calavera. Ideales para decoraci\u00f3n, colecci\u00f3n o uso energ\u00e9tico, asociadas a la protecci\u00f3n y la atracci\u00f3n de prosperidad.<\/p>\n<p>(Cuarzo Rosa, Cuarzo cristal, Obsidiana, etc)<\/td>\n<\/tr>\n<\/tbody>\n<\/table>","protected":false},"excerpt":{"rendered":"<p>Distintos tama\u00f1os. Venta precio\/Kg.<\/p>","protected":false},"featured_media":18618,"template":"","meta":[],"product_brand":[],"product_cat":[148,147],"product_tag":[313,316,179,211,319,165,171,300],"class_list":{"0":"post-18617","1":"product","2":"type-product","3":"status-publish","4":"has-post-thumbnail","6":"product_cat-pulido-formas","7":"product_cat-terapias-hogar","8":"product_tag-cristal","9":"product_tag-cuarzo-cristal","10":"product_tag-cuarzo-rosa","11":"product_tag-decoracion","12":"product_tag-figuritas","13":"product_tag-mineral","14":"product_tag-minerales-decorativos","15":"product_tag-obsidiana","17":"first","18":"instock","19":"taxable","20":"shipping-taxable","21":"purchasable","22":"product-type-simple"},"_links":{"self":[{"href":"https:\/\/geabarcelona.com\/it\/wp-json\/wp\/v2\/product\/18617","targetHints":{"allow":["GET"]}}],"collection":[{"href":"https:\/\/geabarcelona.com\/it\/wp-json\/wp\/v2\/product"}],"about":[{"href":"https:\/\/geabarcelona.com\/it\/wp-json\/wp\/v2\/types\/product"}],"version-history":[{"count":1,"href":"https:\/\/geabarcelona.com\/it\/wp-json\/wp\/v2\/product\/18617\/revisions"}],"predecessor-version":[{"id":18621,"href":"https:\/\/geabarcelona.com\/it\/wp-json\/wp\/v2\/product\/18617\/revisions\/18621"}],"wp:featuredmedia":[{"embeddable":true,"href":"https:\/\/geabarcelona.com\/it\/wp-json\/wp\/v2\/media\/18618"}],"wp:attachment":[{"href":"https:\/\/geabarcelona.com\/it\/wp-json\/wp\/v2\/media?parent=18617"}],"wp:term":[{"taxonomy":"product_brand","embeddable":true,"href":"https:\/\/geabarcelona.com\/it\/wp-json\/wp\/v2\/product_brand?post=18617"},{"taxonomy":"product_cat","embeddable":true,"href":"https:\/\/geabarcelona.com\/it\/wp-json\/wp\/v2\/product_cat?post=18617"},{"taxonomy":"product_tag","embeddable":true,"href":"https:\/\/geabarcelona.com\/it\/wp-json\/wp\/v2\/product_tag?post=18617"}],"curies":[{"name":"wp","href":"https:\/\/api.w.org\/{rel}","templated":true}]}}