{"id":18633,"date":"2025-07-17T15:22:38","date_gmt":"2025-07-17T13:22:38","guid":{"rendered":"https:\/\/geabarcelona.com\/?post_type=product&#038;p=18633"},"modified":"2025-12-11T13:09:22","modified_gmt":"2025-12-11T12:09:22","slug":"minerales-varios-forma-ovalada","status":"publish","type":"product","link":"https:\/\/geabarcelona.com\/it\/producto\/minerales-varios-forma-ovalada\/","title":{"rendered":"MINERALES VARIOS FORMA OVALADA"},"content":{"rendered":"<p>Selecci\u00f3n de distintos minerales tallados en forma ovalada. Ideales para decoraci\u00f3n, colecci\u00f3n o uso energ\u00e9tico.<\/p>","protected":false},"excerpt":{"rendered":"<p>MIXFIG18DO<\/p>\n<p>Distintos tama\u00f1os. Venta precio\/Kg.<\/p>","protected":false},"featured_media":18639,"template":"","meta":[],"product_brand":[],"product_cat":[148,147],"product_tag":[165,322,327,169],"class_list":{"0":"post-18633","1":"product","2":"type-product","3":"status-publish","4":"has-post-thumbnail","6":"product_cat-pulido-formas","7":"product_cat-terapias-hogar","8":"product_tag-mineral","9":"product_tag-mineral-pulido","10":"product_tag-minerales","11":"product_tag-venta-mayorista-de-minerales","13":"first","14":"instock","15":"taxable","16":"shipping-taxable","17":"purchasable","18":"product-type-simple"},"_links":{"self":[{"href":"https:\/\/geabarcelona.com\/it\/wp-json\/wp\/v2\/product\/18633","targetHints":{"allow":["GET"]}}],"collection":[{"href":"https:\/\/geabarcelona.com\/it\/wp-json\/wp\/v2\/product"}],"about":[{"href":"https:\/\/geabarcelona.com\/it\/wp-json\/wp\/v2\/types\/product"}],"version-history":[{"count":1,"href":"https:\/\/geabarcelona.com\/it\/wp-json\/wp\/v2\/product\/18633\/revisions"}],"predecessor-version":[{"id":18640,"href":"https:\/\/geabarcelona.com\/it\/wp-json\/wp\/v2\/product\/18633\/revisions\/18640"}],"wp:featuredmedia":[{"embeddable":true,"href":"https:\/\/geabarcelona.com\/it\/wp-json\/wp\/v2\/media\/18639"}],"wp:attachment":[{"href":"https:\/\/geabarcelona.com\/it\/wp-json\/wp\/v2\/media?parent=18633"}],"wp:term":[{"taxonomy":"product_brand","embeddable":true,"href":"https:\/\/geabarcelona.com\/it\/wp-json\/wp\/v2\/product_brand?post=18633"},{"taxonomy":"product_cat","embeddable":true,"href":"https:\/\/geabarcelona.com\/it\/wp-json\/wp\/v2\/product_cat?post=18633"},{"taxonomy":"product_tag","embeddable":true,"href":"https:\/\/geabarcelona.com\/it\/wp-json\/wp\/v2\/product_tag?post=18633"}],"curies":[{"name":"wp","href":"https:\/\/api.w.org\/{rel}","templated":true}]}}