{"id":18667,"date":"2025-07-18T13:11:48","date_gmt":"2025-07-18T11:11:48","guid":{"rendered":"https:\/\/geabarcelona.com\/?post_type=product&#038;p=18667"},"modified":"2025-12-11T11:35:55","modified_gmt":"2025-12-11T10:35:55","slug":"calavera-minerales-mix","status":"publish","type":"product","link":"https:\/\/geabarcelona.com\/it\/producto\/calavera-minerales-mix\/","title":{"rendered":"CALAVERA MINERALES MIX"},"content":{"rendered":"<p>Selecci\u00f3n de distintos minerales tallados en forma de calaveras. Ideales para decoraci\u00f3n, colecci\u00f3n o uso energ\u00e9tico.<\/p>","protected":false},"excerpt":{"rendered":"<p>MIXFIG18DO<\/p>\n<p>Distintos tama\u00f1os. Venta precio\/Kg.<\/p>","protected":false},"featured_media":18669,"template":"","meta":[],"product_brand":[],"product_cat":[149,148,147],"product_tag":[327],"class_list":{"0":"post-18667","1":"product","2":"type-product","3":"status-publish","4":"has-post-thumbnail","6":"product_cat-decoracion-lamparas","7":"product_cat-pulido-formas","8":"product_cat-terapias-hogar","9":"product_tag-minerales","11":"first","12":"instock","13":"taxable","14":"shipping-taxable","15":"purchasable","16":"product-type-simple"},"_links":{"self":[{"href":"https:\/\/geabarcelona.com\/it\/wp-json\/wp\/v2\/product\/18667","targetHints":{"allow":["GET"]}}],"collection":[{"href":"https:\/\/geabarcelona.com\/it\/wp-json\/wp\/v2\/product"}],"about":[{"href":"https:\/\/geabarcelona.com\/it\/wp-json\/wp\/v2\/types\/product"}],"version-history":[{"count":1,"href":"https:\/\/geabarcelona.com\/it\/wp-json\/wp\/v2\/product\/18667\/revisions"}],"predecessor-version":[{"id":18670,"href":"https:\/\/geabarcelona.com\/it\/wp-json\/wp\/v2\/product\/18667\/revisions\/18670"}],"wp:featuredmedia":[{"embeddable":true,"href":"https:\/\/geabarcelona.com\/it\/wp-json\/wp\/v2\/media\/18669"}],"wp:attachment":[{"href":"https:\/\/geabarcelona.com\/it\/wp-json\/wp\/v2\/media?parent=18667"}],"wp:term":[{"taxonomy":"product_brand","embeddable":true,"href":"https:\/\/geabarcelona.com\/it\/wp-json\/wp\/v2\/product_brand?post=18667"},{"taxonomy":"product_cat","embeddable":true,"href":"https:\/\/geabarcelona.com\/it\/wp-json\/wp\/v2\/product_cat?post=18667"},{"taxonomy":"product_tag","embeddable":true,"href":"https:\/\/geabarcelona.com\/it\/wp-json\/wp\/v2\/product_tag?post=18667"}],"curies":[{"name":"wp","href":"https:\/\/api.w.org\/{rel}","templated":true}]}}